{"id":43029,"date":"2019-02-05T13:58:21","date_gmt":"2019-02-05T12:58:21","guid":{"rendered":"https:\/\/ronhazenberg.nl\/camper\/?page_id=43029"},"modified":"2019-03-12T20:19:03","modified_gmt":"2019-03-12T19:19:03","slug":"make-the-move","status":"publish","type":"page","link":"https:\/\/ronhazenberg.nl\/camper\/make-the-move\/","title":{"rendered":"Make the move &#8230;."},"content":{"rendered":"<p><img data-recalc-dims=\"1\" loading=\"lazy\" decoding=\"async\" data-attachment-id=\"43030\" data-permalink=\"https:\/\/ronhazenberg.nl\/camper\/make-the-move\/foto-zonder-vlag\/#main\" data-orig-file=\"https:\/\/i0.wp.com\/ronhazenberg.nl\/camper\/wp-content\/uploads\/2019\/02\/Foto-zonder-vlag.png?fit=800%2C475&amp;ssl=1\" data-orig-size=\"800,475\" data-comments-opened=\"0\" data-image-meta=\"{&quot;aperture&quot;:&quot;0&quot;,&quot;credit&quot;:&quot;&quot;,&quot;camera&quot;:&quot;&quot;,&quot;caption&quot;:&quot;&quot;,&quot;created_timestamp&quot;:&quot;0&quot;,&quot;copyright&quot;:&quot;&quot;,&quot;focal_length&quot;:&quot;0&quot;,&quot;iso&quot;:&quot;0&quot;,&quot;shutter_speed&quot;:&quot;0&quot;,&quot;title&quot;:&quot;&quot;,&quot;orientation&quot;:&quot;0&quot;}\" data-image-title=\"Foto zonder vlag\" data-image-description=\"\" data-image-caption=\"\" data-large-file=\"https:\/\/i0.wp.com\/ronhazenberg.nl\/camper\/wp-content\/uploads\/2019\/02\/Foto-zonder-vlag.png?fit=640%2C380&amp;ssl=1\" class=\"aligncenter size-full wp-image-43030\" src=\"https:\/\/i0.wp.com\/ronhazenberg.nl\/camper\/wp-content\/uploads\/2019\/02\/Foto-zonder-vlag.png?resize=640%2C380&#038;ssl=1\" alt=\"\" width=\"640\" height=\"380\" srcset=\"https:\/\/i0.wp.com\/ronhazenberg.nl\/camper\/wp-content\/uploads\/2019\/02\/Foto-zonder-vlag.png?w=800&amp;ssl=1 800w, https:\/\/i0.wp.com\/ronhazenberg.nl\/camper\/wp-content\/uploads\/2019\/02\/Foto-zonder-vlag.png?resize=300%2C178&amp;ssl=1 300w, https:\/\/i0.wp.com\/ronhazenberg.nl\/camper\/wp-content\/uploads\/2019\/02\/Foto-zonder-vlag.png?resize=768%2C456&amp;ssl=1 768w, https:\/\/i0.wp.com\/ronhazenberg.nl\/camper\/wp-content\/uploads\/2019\/02\/Foto-zonder-vlag.png?resize=150%2C90&amp;ssl=1 150w\" sizes=\"auto, (max-width: 640px) 100vw, 640px\" \/><\/p>\n<p>DE VERHUIZING &#8230;. In volle gang is de verhuizing van Ron Hazenberg Campers<\/p>\n<p><strong>Intro<\/strong><\/p>\n<p>Afgelopen jaar was het jubileum jaar waarin wij ons 25-jarig bestaan mochten vieren. Nu gaan wij een nieuwe uitdaging aan.<\/p>\n<p>Een nieuwe plek, een ander dak, een nieuw avontuur en eveneens een nieuwe buur.<\/p>\n<p><strong>Vanaf 1 maart 2019<\/strong> is dit een feit, met nabij de A7 een super bereikbaarheid.<\/p>\n<p>Met zorg bieden wij ook op onze nieuwe locatie naast een geselecteerde collectie nieuwe kampeerauto\u2019s van de merken Chausson, Laika en Concorde ook een mooie collectie jonge kampeerauto\u2019s aan. \u00a0<\/p>\n<p>Wij gaan ons meer richten op deze occasion markt. Naast de verkoop van nieuwe campers zijn er diverse contacten gelegd om z\u00e9\u00e9r jonge occasions van verschillende merken waaronder Hymer, Carthago, B\u00fcrstner etc aan te bieden in zijn verrassende nieuwe showroom.<\/p>\n<p>Wees welkom op vrijdag 1 of zaterdag 2 maart (inloop vanaf 10.00 \u2013 17.00 uur)<\/p>\n<p>Ron Hazenberg Campers<\/p>\n<p>Grotelant 2, 9679 VA Scheemda (afrit 46)<\/p>\n<p>Team Ron Hazenberg\u00a0<\/p>\n<p>&nbsp;<\/p>\n","protected":false},"excerpt":{"rendered":"<p>DE VERHUIZING &#8230;. In volle gang is de verhuizing van Ron Hazenberg Campers Intro Afgelopen jaar was het jubileum jaar waarin wij ons 25-jarig bestaan mochten vieren. Nu gaan wij een nieuwe uitdaging aan. Een nieuwe plek, een ander dak, een nieuw avontuur en eveneens een nieuwe buur. Vanaf 1 maart 2019 is dit een [&hellip;]<\/p>\n","protected":false},"author":2,"featured_media":0,"parent":0,"menu_order":0,"comment_status":"closed","ping_status":"closed","template":"","meta":{"footnotes":""},"class_list":["post-43029","page","type-page","status-publish","hentry"],"yoast_head":"<!-- This site is optimized with the Yoast SEO plugin v27.4 - https:\/\/yoast.com\/product\/yoast-seo-wordpress\/ -->\n<title>Make the move .... - Ron Hazenberg<\/title>\n<meta name=\"description\" content=\"Ron Hazenberg is verhuisd naar de Grotelant 2 te 9679 VA Scheemda\" \/>\n<meta name=\"robots\" content=\"index, follow, max-snippet:-1, max-image-preview:large, max-video-preview:-1\" \/>\n<link rel=\"canonical\" href=\"https:\/\/ronhazenberg.nl\/camper\/make-the-move\/\" \/>\n<meta property=\"og:locale\" content=\"nl_NL\" \/>\n<meta property=\"og:type\" content=\"article\" \/>\n<meta property=\"og:title\" content=\"Make the move .... - Ron Hazenberg\" \/>\n<meta property=\"og:description\" content=\"Ron Hazenberg is verhuisd naar de Grotelant 2 te 9679 VA Scheemda\" \/>\n<meta property=\"og:url\" content=\"https:\/\/ronhazenberg.nl\/camper\/make-the-move\/\" \/>\n<meta property=\"og:site_name\" content=\"Ron Hazenberg\" \/>\n<meta property=\"article:publisher\" content=\"https:\/\/www.facebook.com\/ronhazenbergcampers?ref=stream\" \/>\n<meta property=\"article:modified_time\" content=\"2019-03-12T19:19:03+00:00\" \/>\n<meta property=\"og:image\" content=\"https:\/\/ronhazenberg.nl\/camper\/wp-content\/uploads\/2019\/02\/Foto-zonder-vlag.png\" \/>\n<meta name=\"twitter:label1\" content=\"Geschatte leestijd\" \/>\n\t<meta name=\"twitter:data1\" content=\"1 minuut\" \/>\n<script type=\"application\/ld+json\" class=\"yoast-schema-graph\">{\"@context\":\"https:\\\/\\\/schema.org\",\"@graph\":[{\"@type\":\"WebPage\",\"@id\":\"https:\\\/\\\/ronhazenberg.nl\\\/camper\\\/make-the-move\\\/\",\"url\":\"https:\\\/\\\/ronhazenberg.nl\\\/camper\\\/make-the-move\\\/\",\"name\":\"Make the move .... - Ron Hazenberg\",\"isPartOf\":{\"@id\":\"https:\\\/\\\/ronhazenberg.nl\\\/camper\\\/#website\"},\"primaryImageOfPage\":{\"@id\":\"https:\\\/\\\/ronhazenberg.nl\\\/camper\\\/make-the-move\\\/#primaryimage\"},\"image\":{\"@id\":\"https:\\\/\\\/ronhazenberg.nl\\\/camper\\\/make-the-move\\\/#primaryimage\"},\"thumbnailUrl\":\"https:\\\/\\\/ronhazenberg.nl\\\/camper\\\/wp-content\\\/uploads\\\/2019\\\/02\\\/Foto-zonder-vlag.png\",\"datePublished\":\"2019-02-05T12:58:21+00:00\",\"dateModified\":\"2019-03-12T19:19:03+00:00\",\"description\":\"Ron Hazenberg is verhuisd naar de Grotelant 2 te 9679 VA Scheemda\",\"breadcrumb\":{\"@id\":\"https:\\\/\\\/ronhazenberg.nl\\\/camper\\\/make-the-move\\\/#breadcrumb\"},\"inLanguage\":\"nl-NL\",\"potentialAction\":[{\"@type\":\"ReadAction\",\"target\":[\"https:\\\/\\\/ronhazenberg.nl\\\/camper\\\/make-the-move\\\/\"]}]},{\"@type\":\"ImageObject\",\"inLanguage\":\"nl-NL\",\"@id\":\"https:\\\/\\\/ronhazenberg.nl\\\/camper\\\/make-the-move\\\/#primaryimage\",\"url\":\"https:\\\/\\\/i0.wp.com\\\/ronhazenberg.nl\\\/camper\\\/wp-content\\\/uploads\\\/2019\\\/02\\\/Foto-zonder-vlag.png?fit=800%2C475&ssl=1\",\"contentUrl\":\"https:\\\/\\\/i0.wp.com\\\/ronhazenberg.nl\\\/camper\\\/wp-content\\\/uploads\\\/2019\\\/02\\\/Foto-zonder-vlag.png?fit=800%2C475&ssl=1\",\"width\":800,\"height\":475},{\"@type\":\"BreadcrumbList\",\"@id\":\"https:\\\/\\\/ronhazenberg.nl\\\/camper\\\/make-the-move\\\/#breadcrumb\",\"itemListElement\":[{\"@type\":\"ListItem\",\"position\":1,\"name\":\"Home\",\"item\":\"https:\\\/\\\/ronhazenberg.nl\\\/camper\\\/\"},{\"@type\":\"ListItem\",\"position\":2,\"name\":\"Make the move &#8230;.\"}]},{\"@type\":\"WebSite\",\"@id\":\"https:\\\/\\\/ronhazenberg.nl\\\/camper\\\/#website\",\"url\":\"https:\\\/\\\/ronhazenberg.nl\\\/camper\\\/\",\"name\":\"Ron Hazenberg Campers\",\"description\":\"Campers\",\"publisher\":{\"@id\":\"https:\\\/\\\/ronhazenberg.nl\\\/camper\\\/#organization\"},\"potentialAction\":[{\"@type\":\"SearchAction\",\"target\":{\"@type\":\"EntryPoint\",\"urlTemplate\":\"https:\\\/\\\/ronhazenberg.nl\\\/camper\\\/?s={search_term_string}\"},\"query-input\":{\"@type\":\"PropertyValueSpecification\",\"valueRequired\":true,\"valueName\":\"search_term_string\"}}],\"inLanguage\":\"nl-NL\"},{\"@type\":\"Organization\",\"@id\":\"https:\\\/\\\/ronhazenberg.nl\\\/camper\\\/#organization\",\"name\":\"Ron Hazneberg Campers\",\"url\":\"https:\\\/\\\/ronhazenberg.nl\\\/camper\\\/\",\"logo\":{\"@type\":\"ImageObject\",\"inLanguage\":\"nl-NL\",\"@id\":\"https:\\\/\\\/ronhazenberg.nl\\\/camper\\\/#\\\/schema\\\/logo\\\/image\\\/\",\"url\":\"https:\\\/\\\/i0.wp.com\\\/ronhazenberg.nl\\\/camper\\\/wp-content\\\/uploads\\\/2020\\\/04\\\/logo-website.png?fit=1060%2C168&ssl=1\",\"contentUrl\":\"https:\\\/\\\/i0.wp.com\\\/ronhazenberg.nl\\\/camper\\\/wp-content\\\/uploads\\\/2020\\\/04\\\/logo-website.png?fit=1060%2C168&ssl=1\",\"width\":1060,\"height\":168,\"caption\":\"Ron Hazneberg Campers\"},\"image\":{\"@id\":\"https:\\\/\\\/ronhazenberg.nl\\\/camper\\\/#\\\/schema\\\/logo\\\/image\\\/\"},\"sameAs\":[\"https:\\\/\\\/www.facebook.com\\\/ronhazenbergcampers?ref=stream\",\"https:\\\/\\\/x.com\\\/RonHazenbergNL\",\"https:\\\/\\\/www.youtube.com\\\/channel\\\/UCr75UYzitPaa-W5rS-CDi2Q\"]}]}<\/script>\n<!-- \/ Yoast SEO plugin. -->","yoast_head_json":{"title":"Make the move .... - Ron Hazenberg","description":"Ron Hazenberg is verhuisd naar de Grotelant 2 te 9679 VA Scheemda","robots":{"index":"index","follow":"follow","max-snippet":"max-snippet:-1","max-image-preview":"max-image-preview:large","max-video-preview":"max-video-preview:-1"},"canonical":"https:\/\/ronhazenberg.nl\/camper\/make-the-move\/","og_locale":"nl_NL","og_type":"article","og_title":"Make the move .... - Ron Hazenberg","og_description":"Ron Hazenberg is verhuisd naar de Grotelant 2 te 9679 VA Scheemda","og_url":"https:\/\/ronhazenberg.nl\/camper\/make-the-move\/","og_site_name":"Ron Hazenberg","article_publisher":"https:\/\/www.facebook.com\/ronhazenbergcampers?ref=stream","article_modified_time":"2019-03-12T19:19:03+00:00","og_image":[{"url":"https:\/\/ronhazenberg.nl\/camper\/wp-content\/uploads\/2019\/02\/Foto-zonder-vlag.png","type":"","width":"","height":""}],"twitter_misc":{"Geschatte leestijd":"1 minuut"},"schema":{"@context":"https:\/\/schema.org","@graph":[{"@type":"WebPage","@id":"https:\/\/ronhazenberg.nl\/camper\/make-the-move\/","url":"https:\/\/ronhazenberg.nl\/camper\/make-the-move\/","name":"Make the move .... - Ron Hazenberg","isPartOf":{"@id":"https:\/\/ronhazenberg.nl\/camper\/#website"},"primaryImageOfPage":{"@id":"https:\/\/ronhazenberg.nl\/camper\/make-the-move\/#primaryimage"},"image":{"@id":"https:\/\/ronhazenberg.nl\/camper\/make-the-move\/#primaryimage"},"thumbnailUrl":"https:\/\/ronhazenberg.nl\/camper\/wp-content\/uploads\/2019\/02\/Foto-zonder-vlag.png","datePublished":"2019-02-05T12:58:21+00:00","dateModified":"2019-03-12T19:19:03+00:00","description":"Ron Hazenberg is verhuisd naar de Grotelant 2 te 9679 VA Scheemda","breadcrumb":{"@id":"https:\/\/ronhazenberg.nl\/camper\/make-the-move\/#breadcrumb"},"inLanguage":"nl-NL","potentialAction":[{"@type":"ReadAction","target":["https:\/\/ronhazenberg.nl\/camper\/make-the-move\/"]}]},{"@type":"ImageObject","inLanguage":"nl-NL","@id":"https:\/\/ronhazenberg.nl\/camper\/make-the-move\/#primaryimage","url":"https:\/\/i0.wp.com\/ronhazenberg.nl\/camper\/wp-content\/uploads\/2019\/02\/Foto-zonder-vlag.png?fit=800%2C475&ssl=1","contentUrl":"https:\/\/i0.wp.com\/ronhazenberg.nl\/camper\/wp-content\/uploads\/2019\/02\/Foto-zonder-vlag.png?fit=800%2C475&ssl=1","width":800,"height":475},{"@type":"BreadcrumbList","@id":"https:\/\/ronhazenberg.nl\/camper\/make-the-move\/#breadcrumb","itemListElement":[{"@type":"ListItem","position":1,"name":"Home","item":"https:\/\/ronhazenberg.nl\/camper\/"},{"@type":"ListItem","position":2,"name":"Make the move &#8230;."}]},{"@type":"WebSite","@id":"https:\/\/ronhazenberg.nl\/camper\/#website","url":"https:\/\/ronhazenberg.nl\/camper\/","name":"Ron Hazenberg Campers","description":"Campers","publisher":{"@id":"https:\/\/ronhazenberg.nl\/camper\/#organization"},"potentialAction":[{"@type":"SearchAction","target":{"@type":"EntryPoint","urlTemplate":"https:\/\/ronhazenberg.nl\/camper\/?s={search_term_string}"},"query-input":{"@type":"PropertyValueSpecification","valueRequired":true,"valueName":"search_term_string"}}],"inLanguage":"nl-NL"},{"@type":"Organization","@id":"https:\/\/ronhazenberg.nl\/camper\/#organization","name":"Ron Hazneberg Campers","url":"https:\/\/ronhazenberg.nl\/camper\/","logo":{"@type":"ImageObject","inLanguage":"nl-NL","@id":"https:\/\/ronhazenberg.nl\/camper\/#\/schema\/logo\/image\/","url":"https:\/\/i0.wp.com\/ronhazenberg.nl\/camper\/wp-content\/uploads\/2020\/04\/logo-website.png?fit=1060%2C168&ssl=1","contentUrl":"https:\/\/i0.wp.com\/ronhazenberg.nl\/camper\/wp-content\/uploads\/2020\/04\/logo-website.png?fit=1060%2C168&ssl=1","width":1060,"height":168,"caption":"Ron Hazneberg Campers"},"image":{"@id":"https:\/\/ronhazenberg.nl\/camper\/#\/schema\/logo\/image\/"},"sameAs":["https:\/\/www.facebook.com\/ronhazenbergcampers?ref=stream","https:\/\/x.com\/RonHazenbergNL","https:\/\/www.youtube.com\/channel\/UCr75UYzitPaa-W5rS-CDi2Q"]}]}},"jetpack_sharing_enabled":true,"_links":{"self":[{"href":"https:\/\/ronhazenberg.nl\/camper\/wp-json\/wp\/v2\/pages\/43029","targetHints":{"allow":["GET"]}}],"collection":[{"href":"https:\/\/ronhazenberg.nl\/camper\/wp-json\/wp\/v2\/pages"}],"about":[{"href":"https:\/\/ronhazenberg.nl\/camper\/wp-json\/wp\/v2\/types\/page"}],"author":[{"embeddable":true,"href":"https:\/\/ronhazenberg.nl\/camper\/wp-json\/wp\/v2\/users\/2"}],"replies":[{"embeddable":true,"href":"https:\/\/ronhazenberg.nl\/camper\/wp-json\/wp\/v2\/comments?post=43029"}],"version-history":[{"count":2,"href":"https:\/\/ronhazenberg.nl\/camper\/wp-json\/wp\/v2\/pages\/43029\/revisions"}],"predecessor-version":[{"id":43032,"href":"https:\/\/ronhazenberg.nl\/camper\/wp-json\/wp\/v2\/pages\/43029\/revisions\/43032"}],"wp:attachment":[{"href":"https:\/\/ronhazenberg.nl\/camper\/wp-json\/wp\/v2\/media?parent=43029"}],"curies":[{"name":"wp","href":"https:\/\/api.w.org\/{rel}","templated":true}]}}