{"id":52342,"date":"2020-06-13T12:21:26","date_gmt":"2020-06-13T10:21:26","guid":{"rendered":"https:\/\/ronhazenberg.nl\/camper\/?page_id=52342"},"modified":"2025-07-09T14:43:15","modified_gmt":"2025-07-09T12:43:15","slug":"ons-bedrijf","status":"publish","type":"page","link":"https:\/\/ronhazenberg.nl\/camper\/ons-bedrijf\/","title":{"rendered":"Ons bedrijf"},"content":{"rendered":"<p>De HISTORIE\u00a0 van Ron Hazenberg Campers<\/p>\n<p>Sinds 1993 jaagt Ron Hazenberg zijn dromen na. Dankzij de innovatie van de gerenommeerde camper-merken is dit aardig gelukt.<\/p>\n<p>Opgegroeid als de jongste zoon van een ondernemer welke garagehouder was en waar men terecht kon voor het aankopen en onderhouden van auto\u2019s.<\/p>\n<p>Ron amper 21 lentes jong en besloten zijn horizon te gaan verbreden door zelf het ondernemerschap aan te gaan.<br \/>\nEen huurwoning met naastgelegen pand werd ingericht en hier werd met liefde en passie voor auto\u2019s het onderhoud -en schade herstel aan auto\u2019s verricht met daarnaast de verkoop van auto\u2019s.<\/p>\n<p>In het zelfde jaar werd er in het huwelijksbootje getreden.<\/p>\n<p>Niet veel later werd er aan een nieuw pand gebouwd met een ruime showroom en <strong>werkplaats<\/strong> welke werd uitgebreid met de verkoop van campers.<\/p>\n<p>Niet alleen de uitbreiding van de campers, maar ook <strong>gezinsuitbreiding<\/strong> was een feit. Twee prachtige mannetjes werden geboren.<\/p>\n<p>Nadat het bedrijf een enorme groei had doorstaan, werd er in 2007 een groter pand aangekocht. Na een grondige verbouwing kon hier een <strong>royale selectie campers<\/strong> worden gestald in de immense showroom.<\/p>\n<p>In 2018 was het jubileum jaar waarin ze hun <strong>25-jarig bestaan<\/strong> mochten vieren echter ook een stormachtig jaar. <br \/>\nDerhalve zijn ze de uitdaging aangegaan door te verhuizen naar een nieuw onderkomen.<\/p>\n<p>Met deze <strong>bruisende inbreng van energie<\/strong>, is het motto van de Groninger ondernemer<br \/>\n\u00a0\u201c kijken door het grote voorraam en niet via de achteruitrijcamera \u201c<\/p>\n<p>Een bijzonder mooi pand met de beschikking over een geweldige showroom met veel lichtinval, een zeer effici\u00ebnte werkplaats met voldoende werkplekken en dit alles <strong>gelegen nabij de A7.<\/strong><\/p>\n<p>Beleef de impressie in de showroom waar naast de verkoop van de nieuwe campers van de merk <strong>Chausson<\/strong>\u00a0een met zorg geselecteerd aanbod van diverse modellen campers van verschillende merken\u00a0in uiteenlopende aantrekkelijke prijscategorie\u00ebn zijn geselecteerd.<\/p>\n<p>Er zijn diverse contacten gelegd om z\u00e9\u00e9r jonge occasions en demo modellen van verschillende merken waaronder <strong>Hymer, Carthago, B\u00fcrstner, Knaus en Hobby<\/strong> aan te bieden.<br \/>\nDeze veelzijdige collectie campers wordt zorgvuldig geselecteerd en ingekocht. Wekelijks worden deze aankopen gerealiseerd.<\/p>\n<p>Nu, het jaar <strong>2025<\/strong> zijn wij benaderd door de export manager van <strong>Eura Mobil<\/strong>, om voor Nederland het Duitse, reeds 60 jarig bestaand merk <strong>Eura Mobil<\/strong> op de kaart te gaan zetten. Uiteraard wordt deze uitdaging graag aangegaan.\u00a0<\/p>\n<p>Staat uw gewenste camper niet op voorraad,\u00a0 \u00a0dan kunt u ook uw <strong>wensen kenbaar maken en c.q. zoekopdracht<\/strong> bij ons aanbieden, zodat er persoonlijk kan worden gezocht naar de juiste en passende camper op maat. \u00a0<\/p>\n<p>Welkom bent u in de showroom, waar u kan worden voorzien van <strong>deskundig en persoonlijk advies<\/strong>. Indien gewenst is persoonlijk financieel advies ook mogelijk.<\/p>\n<p>Naast de verkoop is ook het <strong>onderhoud<\/strong> en <strong>opbouw van accessoires<\/strong> aan uw camper mogelijk. Een <strong>effici\u00ebnt ingerichte werkplaats<\/strong> met <strong>deskundig en vriendelijk personeel<\/strong> staat tot uw beschikking.<\/p>\n<p>Wel is het vooraf noodzakelijk om hiervoor een afspraak in te plannen.<br \/>\nOok staan wij in nauw contact met verschillende verzekeringsmaatschappijen waarbij wij u vlot kunnen helpen met eventuele schade aan uw camper.\u00a0<\/p>\n<p>&nbsp;<\/p>\n<p><strong>In volle vaart naar Ron Hazenberg Campers<\/strong><\/p>\n<p>Graag tot ziens,\u00a0<\/p>\n<p>Team Ron Hazenberg<\/p>\n","protected":false},"excerpt":{"rendered":"<p>De HISTORIE\u00a0 van Ron Hazenberg Campers Sinds 1993 jaagt Ron Hazenberg zijn dromen na. Dankzij de innovatie van de gerenommeerde camper-merken is dit aardig gelukt. Opgegroeid als de jongste zoon van een ondernemer welke garagehouder was en waar men terecht kon voor het aankopen en onderhouden van auto\u2019s. Ron amper 21 lentes jong en besloten [&hellip;]<\/p>\n","protected":false},"author":1,"featured_media":0,"parent":0,"menu_order":0,"comment_status":"closed","ping_status":"closed","template":"","meta":{"footnotes":""},"class_list":["post-52342","page","type-page","status-publish","hentry"],"yoast_head":"<!-- This site is optimized with the Yoast SEO plugin v27.5 - https:\/\/yoast.com\/product\/yoast-seo-wordpress\/ -->\n<title>Ons bedrijf - Ron Hazenberg<\/title>\n<meta name=\"robots\" content=\"index, follow, max-snippet:-1, max-image-preview:large, max-video-preview:-1\" \/>\n<link rel=\"canonical\" href=\"https:\/\/ronhazenberg.nl\/camper\/ons-bedrijf\/\" \/>\n<meta property=\"og:locale\" content=\"nl_NL\" \/>\n<meta property=\"og:type\" content=\"article\" \/>\n<meta property=\"og:title\" content=\"Ons bedrijf - Ron Hazenberg\" \/>\n<meta property=\"og:description\" content=\"De HISTORIE\u00a0 van Ron Hazenberg Campers Sinds 1993 jaagt Ron Hazenberg zijn dromen na. Dankzij de innovatie van de gerenommeerde camper-merken is dit aardig gelukt. Opgegroeid als de jongste zoon van een ondernemer welke garagehouder was en waar men terecht kon voor het aankopen en onderhouden van auto\u2019s. Ron amper 21 lentes jong en besloten [&hellip;]\" \/>\n<meta property=\"og:url\" content=\"https:\/\/ronhazenberg.nl\/camper\/ons-bedrijf\/\" \/>\n<meta property=\"og:site_name\" content=\"Ron Hazenberg\" \/>\n<meta property=\"article:publisher\" content=\"https:\/\/www.facebook.com\/ronhazenbergcampers?ref=stream\" \/>\n<meta property=\"article:modified_time\" content=\"2025-07-09T12:43:15+00:00\" \/>\n<meta name=\"twitter:label1\" content=\"Geschatte leestijd\" \/>\n\t<meta name=\"twitter:data1\" content=\"3 minuten\" \/>\n<script type=\"application\/ld+json\" class=\"yoast-schema-graph\">{\"@context\":\"https:\\\/\\\/schema.org\",\"@graph\":[{\"@type\":\"WebPage\",\"@id\":\"https:\\\/\\\/ronhazenberg.nl\\\/camper\\\/ons-bedrijf\\\/\",\"url\":\"https:\\\/\\\/ronhazenberg.nl\\\/camper\\\/ons-bedrijf\\\/\",\"name\":\"Ons bedrijf - Ron Hazenberg\",\"isPartOf\":{\"@id\":\"https:\\\/\\\/ronhazenberg.nl\\\/camper\\\/#website\"},\"datePublished\":\"2020-06-13T10:21:26+00:00\",\"dateModified\":\"2025-07-09T12:43:15+00:00\",\"breadcrumb\":{\"@id\":\"https:\\\/\\\/ronhazenberg.nl\\\/camper\\\/ons-bedrijf\\\/#breadcrumb\"},\"inLanguage\":\"nl-NL\",\"potentialAction\":[{\"@type\":\"ReadAction\",\"target\":[\"https:\\\/\\\/ronhazenberg.nl\\\/camper\\\/ons-bedrijf\\\/\"]}]},{\"@type\":\"BreadcrumbList\",\"@id\":\"https:\\\/\\\/ronhazenberg.nl\\\/camper\\\/ons-bedrijf\\\/#breadcrumb\",\"itemListElement\":[{\"@type\":\"ListItem\",\"position\":1,\"name\":\"Home\",\"item\":\"https:\\\/\\\/ronhazenberg.nl\\\/camper\\\/\"},{\"@type\":\"ListItem\",\"position\":2,\"name\":\"Ons bedrijf\"}]},{\"@type\":\"WebSite\",\"@id\":\"https:\\\/\\\/ronhazenberg.nl\\\/camper\\\/#website\",\"url\":\"https:\\\/\\\/ronhazenberg.nl\\\/camper\\\/\",\"name\":\"Ron Hazenberg Campers\",\"description\":\"Campers\",\"publisher\":{\"@id\":\"https:\\\/\\\/ronhazenberg.nl\\\/camper\\\/#organization\"},\"potentialAction\":[{\"@type\":\"SearchAction\",\"target\":{\"@type\":\"EntryPoint\",\"urlTemplate\":\"https:\\\/\\\/ronhazenberg.nl\\\/camper\\\/?s={search_term_string}\"},\"query-input\":{\"@type\":\"PropertyValueSpecification\",\"valueRequired\":true,\"valueName\":\"search_term_string\"}}],\"inLanguage\":\"nl-NL\"},{\"@type\":\"Organization\",\"@id\":\"https:\\\/\\\/ronhazenberg.nl\\\/camper\\\/#organization\",\"name\":\"Ron Hazneberg Campers\",\"url\":\"https:\\\/\\\/ronhazenberg.nl\\\/camper\\\/\",\"logo\":{\"@type\":\"ImageObject\",\"inLanguage\":\"nl-NL\",\"@id\":\"https:\\\/\\\/ronhazenberg.nl\\\/camper\\\/#\\\/schema\\\/logo\\\/image\\\/\",\"url\":\"https:\\\/\\\/i0.wp.com\\\/ronhazenberg.nl\\\/camper\\\/wp-content\\\/uploads\\\/2020\\\/04\\\/logo-website.png?fit=1060%2C168&ssl=1\",\"contentUrl\":\"https:\\\/\\\/i0.wp.com\\\/ronhazenberg.nl\\\/camper\\\/wp-content\\\/uploads\\\/2020\\\/04\\\/logo-website.png?fit=1060%2C168&ssl=1\",\"width\":1060,\"height\":168,\"caption\":\"Ron Hazneberg Campers\"},\"image\":{\"@id\":\"https:\\\/\\\/ronhazenberg.nl\\\/camper\\\/#\\\/schema\\\/logo\\\/image\\\/\"},\"sameAs\":[\"https:\\\/\\\/www.facebook.com\\\/ronhazenbergcampers?ref=stream\",\"https:\\\/\\\/x.com\\\/RonHazenbergNL\",\"https:\\\/\\\/www.youtube.com\\\/channel\\\/UCr75UYzitPaa-W5rS-CDi2Q\"]}]}<\/script>\n<!-- \/ Yoast SEO plugin. -->","yoast_head_json":{"title":"Ons bedrijf - Ron Hazenberg","robots":{"index":"index","follow":"follow","max-snippet":"max-snippet:-1","max-image-preview":"max-image-preview:large","max-video-preview":"max-video-preview:-1"},"canonical":"https:\/\/ronhazenberg.nl\/camper\/ons-bedrijf\/","og_locale":"nl_NL","og_type":"article","og_title":"Ons bedrijf - Ron Hazenberg","og_description":"De HISTORIE\u00a0 van Ron Hazenberg Campers Sinds 1993 jaagt Ron Hazenberg zijn dromen na. Dankzij de innovatie van de gerenommeerde camper-merken is dit aardig gelukt. Opgegroeid als de jongste zoon van een ondernemer welke garagehouder was en waar men terecht kon voor het aankopen en onderhouden van auto\u2019s. Ron amper 21 lentes jong en besloten [&hellip;]","og_url":"https:\/\/ronhazenberg.nl\/camper\/ons-bedrijf\/","og_site_name":"Ron Hazenberg","article_publisher":"https:\/\/www.facebook.com\/ronhazenbergcampers?ref=stream","article_modified_time":"2025-07-09T12:43:15+00:00","twitter_misc":{"Geschatte leestijd":"3 minuten"},"schema":{"@context":"https:\/\/schema.org","@graph":[{"@type":"WebPage","@id":"https:\/\/ronhazenberg.nl\/camper\/ons-bedrijf\/","url":"https:\/\/ronhazenberg.nl\/camper\/ons-bedrijf\/","name":"Ons bedrijf - Ron Hazenberg","isPartOf":{"@id":"https:\/\/ronhazenberg.nl\/camper\/#website"},"datePublished":"2020-06-13T10:21:26+00:00","dateModified":"2025-07-09T12:43:15+00:00","breadcrumb":{"@id":"https:\/\/ronhazenberg.nl\/camper\/ons-bedrijf\/#breadcrumb"},"inLanguage":"nl-NL","potentialAction":[{"@type":"ReadAction","target":["https:\/\/ronhazenberg.nl\/camper\/ons-bedrijf\/"]}]},{"@type":"BreadcrumbList","@id":"https:\/\/ronhazenberg.nl\/camper\/ons-bedrijf\/#breadcrumb","itemListElement":[{"@type":"ListItem","position":1,"name":"Home","item":"https:\/\/ronhazenberg.nl\/camper\/"},{"@type":"ListItem","position":2,"name":"Ons bedrijf"}]},{"@type":"WebSite","@id":"https:\/\/ronhazenberg.nl\/camper\/#website","url":"https:\/\/ronhazenberg.nl\/camper\/","name":"Ron Hazenberg Campers","description":"Campers","publisher":{"@id":"https:\/\/ronhazenberg.nl\/camper\/#organization"},"potentialAction":[{"@type":"SearchAction","target":{"@type":"EntryPoint","urlTemplate":"https:\/\/ronhazenberg.nl\/camper\/?s={search_term_string}"},"query-input":{"@type":"PropertyValueSpecification","valueRequired":true,"valueName":"search_term_string"}}],"inLanguage":"nl-NL"},{"@type":"Organization","@id":"https:\/\/ronhazenberg.nl\/camper\/#organization","name":"Ron Hazneberg Campers","url":"https:\/\/ronhazenberg.nl\/camper\/","logo":{"@type":"ImageObject","inLanguage":"nl-NL","@id":"https:\/\/ronhazenberg.nl\/camper\/#\/schema\/logo\/image\/","url":"https:\/\/i0.wp.com\/ronhazenberg.nl\/camper\/wp-content\/uploads\/2020\/04\/logo-website.png?fit=1060%2C168&ssl=1","contentUrl":"https:\/\/i0.wp.com\/ronhazenberg.nl\/camper\/wp-content\/uploads\/2020\/04\/logo-website.png?fit=1060%2C168&ssl=1","width":1060,"height":168,"caption":"Ron Hazneberg Campers"},"image":{"@id":"https:\/\/ronhazenberg.nl\/camper\/#\/schema\/logo\/image\/"},"sameAs":["https:\/\/www.facebook.com\/ronhazenbergcampers?ref=stream","https:\/\/x.com\/RonHazenbergNL","https:\/\/www.youtube.com\/channel\/UCr75UYzitPaa-W5rS-CDi2Q"]}]}},"jetpack_sharing_enabled":true,"_links":{"self":[{"href":"https:\/\/ronhazenberg.nl\/camper\/wp-json\/wp\/v2\/pages\/52342","targetHints":{"allow":["GET"]}}],"collection":[{"href":"https:\/\/ronhazenberg.nl\/camper\/wp-json\/wp\/v2\/pages"}],"about":[{"href":"https:\/\/ronhazenberg.nl\/camper\/wp-json\/wp\/v2\/types\/page"}],"author":[{"embeddable":true,"href":"https:\/\/ronhazenberg.nl\/camper\/wp-json\/wp\/v2\/users\/1"}],"replies":[{"embeddable":true,"href":"https:\/\/ronhazenberg.nl\/camper\/wp-json\/wp\/v2\/comments?post=52342"}],"version-history":[{"count":7,"href":"https:\/\/ronhazenberg.nl\/camper\/wp-json\/wp\/v2\/pages\/52342\/revisions"}],"predecessor-version":[{"id":104998,"href":"https:\/\/ronhazenberg.nl\/camper\/wp-json\/wp\/v2\/pages\/52342\/revisions\/104998"}],"wp:attachment":[{"href":"https:\/\/ronhazenberg.nl\/camper\/wp-json\/wp\/v2\/media?parent=52342"}],"curies":[{"name":"wp","href":"https:\/\/api.w.org\/{rel}","templated":true}]}}